{"id":114,"date":"2017-10-03T21:19:30","date_gmt":"2017-10-03T21:19:30","guid":{"rendered":"http:\/\/gero.usc.edu\/labs\/enguidanoslab\/?page_id=114"},"modified":"2024-06-21T19:38:21","modified_gmt":"2024-06-21T19:38:21","slug":"the-enguidanos-lab","status":"publish","type":"page","link":"https:\/\/gero.usc.edu\/labs\/enguidanoslab\/","title":{"rendered":"The Engu\u00eddanos Lab"},"content":{"rendered":"<div class=\"wpb-content-wrapper\"><p>[vc_row][vc_column][vc_column_text]The mission of the Engu\u00eddanos Lab is to increase access to palliative and other supportive care for all people coping with serious illness, regardless of age, income, race, or ethnicity. The principal means by which our mission is accomplished are research, innovation, and the development of novel models of care.[\/vc_column_text][vc_separator][vc_empty_space height=&#8221;15px&#8221;][\/vc_column][\/vc_row][vc_row][vc_column width=&#8221;1\/2&#8243;][vc_row_inner][vc_column_inner width=&#8221;1\/4&#8243;][vc_single_image image=&#8221;19&#8243; img_size=&#8221;150X150&#8243; alignment=&#8221;center&#8221; onclick=&#8221;custom_link&#8221; img_link_target=&#8221;_blank&#8221; link=&#8221;https:\/\/gero.usc.edu\/faculty\/enguidanos&#8221;][\/vc_column_inner][vc_column_inner width=&#8221;3\/4&#8243;][vc_column_text]<\/p>\n<h3><a href=\"https:\/\/gero.usc.edu\/faculty\/enguidanos\"><strong>Susan Engu\u00eddanos, PhD<\/strong><\/a><\/h3>\n<p>[\/vc_column_text][vc_column_text el_id=&#8221;pi-contact-info&#8221;]<strong>Associate Professor of Gerontology<\/strong><br \/>\nUSC Leonard Davis School of Gerontology<\/p>\n<p><strong>Email:<\/strong> enguidan@usc.edu<br \/>\n<strong>Phone:<\/strong> (213) 740-9822<br \/>\n<strong>Fax:<\/strong> (213) 821-2093[\/vc_column_text][\/vc_column_inner][\/vc_row_inner][\/vc_column][vc_column width=&#8221;1\/2&#8243;][vc_column_text]<\/p>\n<h3><strong>Focus Areas<\/strong><\/h3>\n<p>[\/vc_column_text][vc_row_inner content_placement=&#8221;middle&#8221;][vc_column_inner width=&#8221;1\/4&#8243;][vc_icon icon_fontawesome=&#8221;fas fa-wheelchair&#8221; color=&#8221;white&#8221; background_style=&#8221;rounded&#8221; background_color=&#8221;custom&#8221; size=&#8221;sm&#8221; align=&#8221;right&#8221; css=&#8221;&#8221; link=&#8221;url:https%3A%2F%2Fgero.usc.edu%2Flabs%2Fenguidanoslab%2Fpalliative-care%2Fhome-based-palliative-care%2F|title:Home%20Based%20Palliative%20Care||&#8221; el_class=&#8221;focus-areas-icons&#8221; custom_background_color=&#8221;#db6a32&#8243;][\/vc_column_inner][vc_column_inner width=&#8221;3\/4&#8243;][vc_column_text el_class=&#8221;focus-areas-links&#8221;]<strong><a href=\"https:\/\/gero.usc.edu\/labs\/enguidanoslab\/palliative-care\/home-based-palliative-care\/\">Home Based Palliative Care<\/a><\/strong>[\/vc_column_text][\/vc_column_inner][\/vc_row_inner][vc_row_inner content_placement=&#8221;middle&#8221;][vc_column_inner width=&#8221;1\/4&#8243;][vc_icon icon_fontawesome=&#8221;fas fa-hand-holding-heart&#8221; color=&#8221;white&#8221; background_style=&#8221;rounded&#8221; background_color=&#8221;custom&#8221; size=&#8221;sm&#8221; align=&#8221;right&#8221; css=&#8221;&#8221; link=&#8221;url:https%3A%2F%2Fgero.usc.edu%2Flabs%2Fenguidanoslab%2Fpalliative-care%2Fprimary-palliative-care%2F|title:Primary%20Palliative%20Care||&#8221; el_class=&#8221;focus-areas-icons&#8221; custom_background_color=&#8221;#db6a32&#8243;][\/vc_column_inner][vc_column_inner width=&#8221;3\/4&#8243;][vc_column_text el_class=&#8221;focus-areas-links&#8221;]<strong><a href=\"https:\/\/gero.usc.edu\/labs\/enguidanoslab\/palliative-care\/home-based-palliative-care\/\">Primary Palliative Care<\/a><\/strong>[\/vc_column_text][\/vc_column_inner][\/vc_row_inner][vc_row_inner content_placement=&#8221;middle&#8221;][vc_column_inner width=&#8221;1\/4&#8243;][vc_icon icon_fontawesome=&#8221;fas fa-video&#8221; color=&#8221;white&#8221; background_style=&#8221;rounded&#8221; background_color=&#8221;custom&#8221; size=&#8221;sm&#8221; align=&#8221;right&#8221; css=&#8221;&#8221; link=&#8221;url:https%3A%2F%2Fgero.usc.edu%2Flabs%2Fenguidanoslab%2Fresearch%2Fpatient-stories%2F|title:Patient%20Stories||&#8221; el_class=&#8221;focus-areas-icons&#8221; custom_background_color=&#8221;#db6a32&#8243;][\/vc_column_inner][vc_column_inner width=&#8221;3\/4&#8243;][vc_column_text el_class=&#8221;focus-areas-links&#8221;]<strong><a href=\"https:\/\/gero.usc.edu\/labs\/enguidanoslab\/research\/patient-stories\/\">Palliative Care Patient Stories<\/a><\/strong>[\/vc_column_text][\/vc_column_inner][\/vc_row_inner][\/vc_column][\/vc_row][vc_section][vc_row][vc_column][vc_empty_space][vc_separator][\/vc_column][\/vc_row][vc_row][vc_column width=&#8221;1\/2&#8243;][vc_column_text]<\/p>\n<h3>Primary Research Areas<\/h3>\n<ul>\n<li>Developing and testing new models of care for seriously ill patients.<\/li>\n<li>Identifying, understanding and reducing ethnic disparities in access to quality care during serious illness.<\/li>\n<li>Identifying and testing mechanisms for increasing consumer knowledge of palliative and hospice care and empowering consumers to make informed choices about their care.<\/li>\n<li>Facilitating systematic changes in healthcare delivery that promote patient-centered, family-oriented care practices.<\/li>\n<\/ul>\n<p>[\/vc_column_text][\/vc_column][vc_column width=&#8221;1\/2&#8243;][vc_column_text]<\/p>\n<h3><a href=\"https:\/\/gero.usc.edu\/labs\/enguidanoslab\/research\/patient-stories\/\">Patient Stories<\/a><\/h3>\n<p>[\/vc_column_text][vc_tta_pageable no_fill_content_area=&#8221;1&#8243; autoplay=&#8221;3&#8243; active_section=&#8221;1&#8243;][vc_tta_section tab_id=&#8221;1538692820790-76318f19-3667&#8243;][vc_video link=&#8221;https:\/\/www.youtube.com\/watch?v=fpm_nzvPCUA&amp;t=4s&#8221; el_width=&#8221;80&#8243; align=&#8221;center&#8221;][\/vc_tta_section][vc_tta_section tab_id=&#8221;1538692820836-f7619a54-118a&#8221;][vc_video link=&#8221;https:\/\/www.youtube.com\/watch?v=OgWdwsNYY3Q&#8221; el_width=&#8221;80&#8243; align=&#8221;center&#8221;][\/vc_tta_section][vc_tta_section tab_id=&#8221;1538695922020-d029de75-cef4&#8243;][vc_video link=&#8221;https:\/\/www.youtube.com\/watch?v=n-Nb8Ia_8hM&#8221; el_width=&#8221;80&#8243; align=&#8221;center&#8221;][\/vc_tta_section][vc_tta_section tab_id=&#8221;1538695947327-574f2f93-4eb1&#8243;][vc_video link=&#8221;https:\/\/www.youtube.com\/watch?v=MwOHc1a0l18&amp;t=7s&#8221; el_width=&#8221;80&#8243; align=&#8221;center&#8221;][\/vc_tta_section][vc_tta_section tab_id=&#8221;1538695981573-f880bba7-63b1&#8243;][vc_video link=&#8221;https:\/\/www.youtube.com\/watch?v=b8jUR0uLMfo&amp;t=3s&#8221; el_width=&#8221;80&#8243; align=&#8221;center&#8221;][\/vc_tta_section][vc_tta_section title=&#8221;Section&#8221; tab_id=&#8221;1538698146142-e000b389-3a8c&#8221;][vc_video link=&#8221;https:\/\/youtu.be\/npYaM4bmO2Q&#8221; el_width=&#8221;80&#8243; align=&#8221;center&#8221;][\/vc_tta_section][\/vc_tta_pageable][\/vc_column][\/vc_row][\/vc_section]<\/p>\n<\/div>","protected":false},"excerpt":{"rendered":"<p>[vc_row][vc_column][vc_column_text]The mission of the Engu\u00eddanos Lab is to increase access to palliative and other supportive care for all people coping with serious illness, regardless of age, income, race, or ethnicity. The principal means by which our mission is accomplished are research, innovation, and the development of novel models of care.[\/vc_column_text][vc_separator][vc_empty_space height=&#8221;15px&#8221;][\/vc_column][\/vc_row][vc_row][vc_column width=&#8221;1\/2&#8243;][vc_row_inner][vc_column_inner width=&#8221;1\/4&#8243;][vc_single_image image=&#8221;19&#8243; img_size=&#8221;150X150&#8243; [&hellip;]<\/p>\n","protected":false},"author":1,"featured_media":0,"parent":0,"menu_order":0,"comment_status":"closed","ping_status":"closed","template":"page-full.php","meta":{"_acf_changed":false,"footnotes":""},"class_list":["post-114","page","type-page","status-publish","hentry"],"acf":[],"yoast_head":"<!-- This site is optimized with the Yoast SEO plugin v27.3 - https:\/\/yoast.com\/product\/yoast-seo-wordpress\/ -->\n<title>The Engu\u00eddanos Lab - The Engu\u00eddanos Lab<\/title>\n<meta name=\"robots\" content=\"index, follow, max-snippet:-1, max-image-preview:large, max-video-preview:-1\" \/>\n<link rel=\"canonical\" href=\"https:\/\/gero.usc.edu\/labs\/enguidanoslab\/\" \/>\n<meta property=\"og:locale\" content=\"en_US\" \/>\n<meta property=\"og:type\" content=\"article\" \/>\n<meta property=\"og:title\" content=\"The Engu\u00eddanos Lab - The Engu\u00eddanos Lab\" \/>\n<meta property=\"og:description\" content=\"[vc_row][vc_column][vc_column_text]The mission of the Engu\u00eddanos Lab is to increase access to palliative and other supportive care for all people coping with serious illness, regardless of age, income, race, or ethnicity. The principal means by which our mission is accomplished are research, innovation, and the development of novel models of care.[\/vc_column_text][vc_separator][vc_empty_space height=&#8221;15px&#8221;][\/vc_column][\/vc_row][vc_row][vc_column width=&#8221;1\/2&#8243;][vc_row_inner][vc_column_inner width=&#8221;1\/4&#8243;][vc_single_image image=&#8221;19&#8243; img_size=&#8221;150X150&#8243; [&hellip;]\" \/>\n<meta property=\"og:url\" content=\"https:\/\/gero.usc.edu\/labs\/enguidanoslab\/\" \/>\n<meta property=\"og:site_name\" content=\"The Engu\u00eddanos Lab\" \/>\n<meta property=\"article:modified_time\" content=\"2024-06-21T19:38:21+00:00\" \/>\n<meta name=\"twitter:card\" content=\"summary_large_image\" \/>\n<meta name=\"twitter:label1\" content=\"Est. reading time\" \/>\n\t<meta name=\"twitter:data1\" content=\"2 minutes\" \/>\n<script type=\"application\/ld+json\" class=\"yoast-schema-graph\">{\"@context\":\"https:\\\/\\\/schema.org\",\"@graph\":[{\"@type\":\"WebPage\",\"@id\":\"https:\\\/\\\/gero.usc.edu\\\/labs\\\/enguidanoslab\\\/\",\"url\":\"https:\\\/\\\/gero.usc.edu\\\/labs\\\/enguidanoslab\\\/\",\"name\":\"The Engu\u00eddanos Lab - The Engu\u00eddanos Lab\",\"isPartOf\":{\"@id\":\"https:\\\/\\\/gero.usc.edu\\\/labs\\\/enguidanoslab\\\/#website\"},\"datePublished\":\"2017-10-03T21:19:30+00:00\",\"dateModified\":\"2024-06-21T19:38:21+00:00\",\"breadcrumb\":{\"@id\":\"https:\\\/\\\/gero.usc.edu\\\/labs\\\/enguidanoslab\\\/#breadcrumb\"},\"inLanguage\":\"en-US\",\"potentialAction\":[{\"@type\":\"ReadAction\",\"target\":[\"https:\\\/\\\/gero.usc.edu\\\/labs\\\/enguidanoslab\\\/\"]}]},{\"@type\":\"BreadcrumbList\",\"@id\":\"https:\\\/\\\/gero.usc.edu\\\/labs\\\/enguidanoslab\\\/#breadcrumb\",\"itemListElement\":[{\"@type\":\"ListItem\",\"position\":1,\"name\":\"Home\",\"item\":\"https:\\\/\\\/gero.usc.edu\\\/labs\\\/enguidanoslab\\\/\"},{\"@type\":\"ListItem\",\"position\":2,\"name\":\"The Engu\u00eddanos Lab\"}]},{\"@type\":\"WebSite\",\"@id\":\"https:\\\/\\\/gero.usc.edu\\\/labs\\\/enguidanoslab\\\/#website\",\"url\":\"https:\\\/\\\/gero.usc.edu\\\/labs\\\/enguidanoslab\\\/\",\"name\":\"The Engu\u00eddanos Lab\",\"description\":\"\",\"potentialAction\":[{\"@type\":\"SearchAction\",\"target\":{\"@type\":\"EntryPoint\",\"urlTemplate\":\"https:\\\/\\\/gero.usc.edu\\\/labs\\\/enguidanoslab\\\/?s={search_term_string}\"},\"query-input\":{\"@type\":\"PropertyValueSpecification\",\"valueRequired\":true,\"valueName\":\"search_term_string\"}}],\"inLanguage\":\"en-US\"}]}<\/script>\n<!-- \/ Yoast SEO plugin. -->","yoast_head_json":{"title":"The Engu\u00eddanos Lab - The Engu\u00eddanos Lab","robots":{"index":"index","follow":"follow","max-snippet":"max-snippet:-1","max-image-preview":"max-image-preview:large","max-video-preview":"max-video-preview:-1"},"canonical":"https:\/\/gero.usc.edu\/labs\/enguidanoslab\/","og_locale":"en_US","og_type":"article","og_title":"The Engu\u00eddanos Lab - The Engu\u00eddanos Lab","og_description":"[vc_row][vc_column][vc_column_text]The mission of the Engu\u00eddanos Lab is to increase access to palliative and other supportive care for all people coping with serious illness, regardless of age, income, race, or ethnicity. The principal means by which our mission is accomplished are research, innovation, and the development of novel models of care.[\/vc_column_text][vc_separator][vc_empty_space height=&#8221;15px&#8221;][\/vc_column][\/vc_row][vc_row][vc_column width=&#8221;1\/2&#8243;][vc_row_inner][vc_column_inner width=&#8221;1\/4&#8243;][vc_single_image image=&#8221;19&#8243; img_size=&#8221;150X150&#8243; [&hellip;]","og_url":"https:\/\/gero.usc.edu\/labs\/enguidanoslab\/","og_site_name":"The Engu\u00eddanos Lab","article_modified_time":"2024-06-21T19:38:21+00:00","twitter_card":"summary_large_image","twitter_misc":{"Est. reading time":"2 minutes"},"schema":{"@context":"https:\/\/schema.org","@graph":[{"@type":"WebPage","@id":"https:\/\/gero.usc.edu\/labs\/enguidanoslab\/","url":"https:\/\/gero.usc.edu\/labs\/enguidanoslab\/","name":"The Engu\u00eddanos Lab - The Engu\u00eddanos Lab","isPartOf":{"@id":"https:\/\/gero.usc.edu\/labs\/enguidanoslab\/#website"},"datePublished":"2017-10-03T21:19:30+00:00","dateModified":"2024-06-21T19:38:21+00:00","breadcrumb":{"@id":"https:\/\/gero.usc.edu\/labs\/enguidanoslab\/#breadcrumb"},"inLanguage":"en-US","potentialAction":[{"@type":"ReadAction","target":["https:\/\/gero.usc.edu\/labs\/enguidanoslab\/"]}]},{"@type":"BreadcrumbList","@id":"https:\/\/gero.usc.edu\/labs\/enguidanoslab\/#breadcrumb","itemListElement":[{"@type":"ListItem","position":1,"name":"Home","item":"https:\/\/gero.usc.edu\/labs\/enguidanoslab\/"},{"@type":"ListItem","position":2,"name":"The Engu\u00eddanos Lab"}]},{"@type":"WebSite","@id":"https:\/\/gero.usc.edu\/labs\/enguidanoslab\/#website","url":"https:\/\/gero.usc.edu\/labs\/enguidanoslab\/","name":"The Engu\u00eddanos Lab","description":"","potentialAction":[{"@type":"SearchAction","target":{"@type":"EntryPoint","urlTemplate":"https:\/\/gero.usc.edu\/labs\/enguidanoslab\/?s={search_term_string}"},"query-input":{"@type":"PropertyValueSpecification","valueRequired":true,"valueName":"search_term_string"}}],"inLanguage":"en-US"}]}},"_links":{"self":[{"href":"https:\/\/gero.usc.edu\/labs\/enguidanoslab\/wp-json\/wp\/v2\/pages\/114","targetHints":{"allow":["GET"]}}],"collection":[{"href":"https:\/\/gero.usc.edu\/labs\/enguidanoslab\/wp-json\/wp\/v2\/pages"}],"about":[{"href":"https:\/\/gero.usc.edu\/labs\/enguidanoslab\/wp-json\/wp\/v2\/types\/page"}],"author":[{"embeddable":true,"href":"https:\/\/gero.usc.edu\/labs\/enguidanoslab\/wp-json\/wp\/v2\/users\/1"}],"replies":[{"embeddable":true,"href":"https:\/\/gero.usc.edu\/labs\/enguidanoslab\/wp-json\/wp\/v2\/comments?post=114"}],"version-history":[{"count":0,"href":"https:\/\/gero.usc.edu\/labs\/enguidanoslab\/wp-json\/wp\/v2\/pages\/114\/revisions"}],"wp:attachment":[{"href":"https:\/\/gero.usc.edu\/labs\/enguidanoslab\/wp-json\/wp\/v2\/media?parent=114"}],"curies":[{"name":"wp","href":"https:\/\/api.w.org\/{rel}","templated":true}]}}